{"id":350,"date":"2025-10-10T14:53:39","date_gmt":"2025-10-10T14:53:39","guid":{"rendered":"https:\/\/bus-schramm.de\/?page_id=350"},"modified":"2025-10-10T15:15:02","modified_gmt":"2025-10-10T15:15:02","slug":"geraete","status":"publish","type":"page","link":"https:\/\/bus-schramm.de\/?page_id=350","title":{"rendered":"Ger\u00e4te"},"content":{"rendered":"\n<h2 class=\"wp-block-heading\">Abbruchhammer \/ Stemmhammer<\/h2>\n\n\n\n<div class=\"wp-block-columns is-layout-flex wp-container-core-columns-is-layout-9d6595d7 wp-block-columns-is-layout-flex\">\n<div class=\"wp-block-column is-layout-flow wp-block-column-is-layout-flow\">\n<figure class=\"wp-block-image size-large\"><img loading=\"lazy\" decoding=\"async\" width=\"1024\" height=\"941\" src=\"https:\/\/bus-schramm.de\/wp-content\/uploads\/2025\/10\/FC1256C9-3B68-439D-AFD3-414FA857A1EA-1024x941.jpeg\" alt=\"\" class=\"wp-image-355\" srcset=\"https:\/\/bus-schramm.de\/wp-content\/uploads\/2025\/10\/FC1256C9-3B68-439D-AFD3-414FA857A1EA-1024x941.jpeg 1024w, https:\/\/bus-schramm.de\/wp-content\/uploads\/2025\/10\/FC1256C9-3B68-439D-AFD3-414FA857A1EA-300x276.jpeg 300w, https:\/\/bus-schramm.de\/wp-content\/uploads\/2025\/10\/FC1256C9-3B68-439D-AFD3-414FA857A1EA-768x706.jpeg 768w, https:\/\/bus-schramm.de\/wp-content\/uploads\/2025\/10\/FC1256C9-3B68-439D-AFD3-414FA857A1EA-1536x1412.jpeg 1536w, https:\/\/bus-schramm.de\/wp-content\/uploads\/2025\/10\/FC1256C9-3B68-439D-AFD3-414FA857A1EA-1175x1080.jpeg 1175w, https:\/\/bus-schramm.de\/wp-content\/uploads\/2025\/10\/FC1256C9-3B68-439D-AFD3-414FA857A1EA.jpeg 1600w\" sizes=\"auto, (max-width: 1024px) 100vw, 1024px\" \/><\/figure>\n\n\n\n<figure class=\"wp-block-image size-full\"><img loading=\"lazy\" decoding=\"async\" width=\"960\" height=\"720\" src=\"http:\/\/bus-schramm.de\/wp-content\/uploads\/2025\/10\/image-1.jpeg\" alt=\"\" class=\"wp-image-359\" srcset=\"https:\/\/bus-schramm.de\/wp-content\/uploads\/2025\/10\/image-1.jpeg 960w, https:\/\/bus-schramm.de\/wp-content\/uploads\/2025\/10\/image-1-300x225.jpeg 300w, https:\/\/bus-schramm.de\/wp-content\/uploads\/2025\/10\/image-1-768x576.jpeg 768w\" sizes=\"auto, (max-width: 960px) 100vw, 960px\" \/><\/figure>\n<\/div>\n\n\n\n<div class=\"wp-block-column is-layout-flow wp-block-column-is-layout-flow\">\n<p>Leistungsstarker Stemmhammer Bosch GSH 16-28<br>f\u00fcr Abtragungsarbeiten \/ Stemmarbeiten aller Art (gut geeignet z.B. f\u00fcr Betonb\u00f6den und W\u00e4nde)<br><\/p>\n\n\n\n<p>Vibration Control reduziert Vibrationen f\u00fcr erm\u00fcdungs\u00e4rmeres Arbeiten<\/p>\n\n\n\n<p><br>Transportkoffer mit Rollen f\u00fcr leichtenTransport<\/p>\n\n\n\n<p>Techn. Daten:<br>Leistung 1750W<br>Schlagzahl bis: 1280 Schl\u00e4ge\/Minute<br>Einzelschlagst\u00e4rke: 41 Joule<br>Gewicht: 18,3 kg<br>inkl. Spitzmei\u00dfel 28mm<\/p>\n\n\n\n<p>Preis:<br>35\u20ac pauschal f\u00fcr 1 Tag<br>80\u20ac pauschal f\u00fcr 3 Tage<\/p>\n\n\n\n<p>(Einzelvereinbarungen bei l\u00e4ngerer Mietdauer m\u00f6glich)<\/p>\n<\/div>\n<\/div>\n\n\n\n<p><\/p>\n\n\n\n<h2 class=\"wp-block-heading\">R\u00fcttelplatte<\/h2>\n\n\n\n<div class=\"wp-block-columns is-layout-flex wp-container-core-columns-is-layout-9d6595d7 wp-block-columns-is-layout-flex\">\n<div class=\"wp-block-column is-layout-flow wp-block-column-is-layout-flow\">\n<figure class=\"wp-block-image size-large\"><img loading=\"lazy\" decoding=\"async\" width=\"1024\" height=\"711\" src=\"http:\/\/bus-schramm.de\/wp-content\/uploads\/2025\/10\/image-1024x711.jpeg\" alt=\"\" class=\"wp-image-356\" srcset=\"https:\/\/bus-schramm.de\/wp-content\/uploads\/2025\/10\/image-1024x711.jpeg 1024w, https:\/\/bus-schramm.de\/wp-content\/uploads\/2025\/10\/image-300x208.jpeg 300w, https:\/\/bus-schramm.de\/wp-content\/uploads\/2025\/10\/image-768x533.jpeg 768w, https:\/\/bus-schramm.de\/wp-content\/uploads\/2025\/10\/image-1536x1067.jpeg 1536w, https:\/\/bus-schramm.de\/wp-content\/uploads\/2025\/10\/image-1555x1080.jpeg 1555w, https:\/\/bus-schramm.de\/wp-content\/uploads\/2025\/10\/image.jpeg 1600w\" sizes=\"auto, (max-width: 1024px) 100vw, 1024px\" \/><\/figure>\n\n\n\n<figure class=\"wp-block-image size-full\"><img loading=\"lazy\" decoding=\"async\" width=\"597\" height=\"668\" src=\"http:\/\/bus-schramm.de\/wp-content\/uploads\/2025\/10\/image-2.jpeg\" alt=\"\" class=\"wp-image-360\" srcset=\"https:\/\/bus-schramm.de\/wp-content\/uploads\/2025\/10\/image-2.jpeg 597w, https:\/\/bus-schramm.de\/wp-content\/uploads\/2025\/10\/image-2-268x300.jpeg 268w\" sizes=\"auto, (max-width: 597px) 100vw, 597px\" \/><\/figure>\n<\/div>\n\n\n\n<div class=\"wp-block-column is-layout-flow wp-block-column-is-layout-flow\">\n<p>R\u00fcttelplatte Modell Herkules RP1800<br>Flexibel einsetzbar (z.B. f\u00fcr Frostschutz, Pflaster,\u2026)<\/p>\n\n\n\n<p>Techn. Daten:<br>4-Takt-Benzinmotor mit 6,5 PS<br>550&#215;440 mm Grundplatte<br>Verdichtungstiefe ca 0,30 m<br>Verdichtungsdruck 2300 kg<br>88 kg Eigengewicht<br>25m\/min<br>Gummiplatte f\u00fcr Pflaster vorhanden<\/p>\n\n\n\n<p>1 .Tag 25\u20ac<br>2.-5. Tag 10\u20ac<\/p>\n\n\n\n<p>(Einzelvereinbarungen bei l\u00e4ngerer Mietdauer m\u00f6glich)<\/p>\n<\/div>\n<\/div>\n\n\n\n<h2 class=\"wp-block-heading\"><\/h2>\n\n\n\n<h2 class=\"wp-block-heading\">Akku-Hochentaster \/ Teleskop-Asts\u00e4ge<\/h2>\n\n\n\n<div class=\"wp-block-columns is-layout-flex wp-container-core-columns-is-layout-9d6595d7 wp-block-columns-is-layout-flex\">\n<div class=\"wp-block-column is-layout-flow wp-block-column-is-layout-flow\">\n<figure class=\"wp-block-image size-full\"><img loading=\"lazy\" decoding=\"async\" width=\"960\" height=\"422\" src=\"http:\/\/bus-schramm.de\/wp-content\/uploads\/2025\/10\/image.png\" alt=\"\" class=\"wp-image-357\" srcset=\"https:\/\/bus-schramm.de\/wp-content\/uploads\/2025\/10\/image.png 960w, https:\/\/bus-schramm.de\/wp-content\/uploads\/2025\/10\/image-300x132.png 300w, https:\/\/bus-schramm.de\/wp-content\/uploads\/2025\/10\/image-768x338.png 768w\" sizes=\"auto, (max-width: 960px) 100vw, 960px\" \/><\/figure>\n\n\n\n<figure class=\"wp-block-image size-full\"><img loading=\"lazy\" decoding=\"async\" width=\"960\" height=\"541\" src=\"http:\/\/bus-schramm.de\/wp-content\/uploads\/2025\/10\/image-1.png\" alt=\"\" class=\"wp-image-358\" srcset=\"https:\/\/bus-schramm.de\/wp-content\/uploads\/2025\/10\/image-1.png 960w, https:\/\/bus-schramm.de\/wp-content\/uploads\/2025\/10\/image-1-300x169.png 300w, https:\/\/bus-schramm.de\/wp-content\/uploads\/2025\/10\/image-1-768x433.png 768w\" sizes=\"auto, (max-width: 960px) 100vw, 960px\" \/><\/figure>\n<\/div>\n\n\n\n<div class=\"wp-block-column is-layout-flow wp-block-column-is-layout-flow\">\n<p>Akku-Hochentaster mit 20cm Schwert und S\u00e4gekette (b\u00fcrstenlos)<br><\/p>\n\n\n\n<p>2 Meter Arbeitsl\u00e4nge, steckbar auf 3 Meter verl\u00e4ngerbar<br><\/p>\n\n\n\n<p>Schultergurt<br><\/p>\n\n\n\n<p>Beeindruckende Schnittleistung von bis zu 55 Schnitten (\u00d8: 100 mm) pro Akkuladung (5 Ah). (2-3 Akkus werden mitgegeben)<\/p>\n\n\n\n<p>Leicht zu bedienen<\/p>\n\n\n\n<p>Preis:<br>25\u20ac pauschal f\u00fcr 1 Tag<br>60\u20ac pauschal f\u00fcr 3 Tage<\/p>\n<\/div>\n<\/div>\n\n\n\n<p><\/p>\n","protected":false},"excerpt":{"rendered":"<p>Abbruchhammer \/ Stemmhammer Leistungsstarker Stemmhammer Bosch GSH 16-28f\u00fcr Abtragungsarbeiten \/ Stemmarbeiten aller Art (gut geeignet z.B. f\u00fcr Betonb\u00f6den und W\u00e4nde) Vibration Control reduziert Vibrationen f\u00fcr erm\u00fcdungs\u00e4rmeres Arbeiten Transportkoffer mit Rollen f\u00fcr leichtenTransport Techn. Daten:Leistung 1750WSchlagzahl bis: 1280 Schl\u00e4ge\/MinuteEinzelschlagst\u00e4rke: 41 JouleGewicht: 18,3 kginkl. Spitzmei\u00dfel 28mm Preis:35\u20ac pauschal f\u00fcr 1 Tag80\u20ac pauschal f\u00fcr 3 Tage (Einzelvereinbarungen bei&hellip; <br \/> <a class=\"read-more\" href=\"https:\/\/bus-schramm.de\/?page_id=350\">Weiterlesen<\/a><\/p>\n","protected":false},"author":1,"featured_media":0,"parent":0,"menu_order":0,"comment_status":"closed","ping_status":"closed","template":"","meta":{"ngg_post_thumbnail":0,"footnotes":""},"class_list":["post-350","page","type-page","status-publish","hentry"],"_links":{"self":[{"href":"https:\/\/bus-schramm.de\/index.php?rest_route=\/wp\/v2\/pages\/350","targetHints":{"allow":["GET"]}}],"collection":[{"href":"https:\/\/bus-schramm.de\/index.php?rest_route=\/wp\/v2\/pages"}],"about":[{"href":"https:\/\/bus-schramm.de\/index.php?rest_route=\/wp\/v2\/types\/page"}],"author":[{"embeddable":true,"href":"https:\/\/bus-schramm.de\/index.php?rest_route=\/wp\/v2\/users\/1"}],"replies":[{"embeddable":true,"href":"https:\/\/bus-schramm.de\/index.php?rest_route=%2Fwp%2Fv2%2Fcomments&post=350"}],"version-history":[{"count":3,"href":"https:\/\/bus-schramm.de\/index.php?rest_route=\/wp\/v2\/pages\/350\/revisions"}],"predecessor-version":[{"id":362,"href":"https:\/\/bus-schramm.de\/index.php?rest_route=\/wp\/v2\/pages\/350\/revisions\/362"}],"wp:attachment":[{"href":"https:\/\/bus-schramm.de\/index.php?rest_route=%2Fwp%2Fv2%2Fmedia&parent=350"}],"curies":[{"name":"wp","href":"https:\/\/api.w.org\/{rel}","templated":true}]}}